{"id":52,"date":"2024-12-10T02:07:50","date_gmt":"2024-12-10T02:07:50","guid":{"rendered":"http:\/\/propfitoken.com\/home\/about\/"},"modified":"2024-12-10T22:30:54","modified_gmt":"2024-12-10T22:30:54","slug":"about","status":"publish","type":"page","link":"https:\/\/propfitoken.com\/home\/about\/","title":{"rendered":"About"},"content":{"rendered":"\n<div class=\"wp-block-uagb-container uagb-block-a6be1363 alignfull uagb-is-root-container\"><div class=\"uagb-container__shape uagb-container__shape-bottom uagb-container__shape-flip uagb-container__invert\" data-negative=\"false\"><svg xmlns=\"https:\/\/www.w3.org\/2000\/svg\" viewBox=\"0 0 1000 100\" preserveAspectRatio=\"none\"><path class=\"uagb-container__shape-fill\" d=\"M0,6V0h1000v100L0,6z\"><\/path><\/svg><\/div><div class=\"uagb-container-inner-blocks-wrap\">\n<div class=\"wp-block-uagb-advanced-heading uagb-block-81d18f4d\"><p class=\"uagb-desc-text\">Sobre<\/p><h1 class=\"uagb-heading-text\">Transformando el Mercado Inmobiliario con Innovaci\u00f3n Digital<\/h1><\/div>\n<\/div><\/div>\n\n\n\n<div class=\"wp-block-uagb-container uagb-block-9dbb18d7 alignfull uagb-is-root-container\"><div class=\"uagb-container-inner-blocks-wrap\">\n<div class=\"wp-block-uagb-advanced-heading uagb-block-1fd5f659\"><p class=\"uagb-desc-text\">Nuestra Historia<\/p><h2 class=\"uagb-heading-text\">Conectando Tecnolog\u00eda y Bienes Ra\u00edces para el Futuro<\/h2><\/div>\n\n\n\n<div class=\"wp-block-uagb-container uagb-layout-grid uagb-block-84e20ad5\">\n<div class=\"wp-block-uagb-image alignleft uagb-block-52eed376 wp-block-uagb-image--layout-default wp-block-uagb-image--effect-static wp-block-uagb-image--align-left\"><figure class=\"wp-block-uagb-image__figure\"><img decoding=\"async\" srcset=\"https:\/\/propfitoken.com\/home\/wp-content\/uploads\/2024\/12\/pexels-photo-221540-1024x768.jpeg ,https:\/\/propfitoken.com\/home\/wp-content\/uploads\/2024\/12\/pexels-photo-221540.jpeg 780w, https:\/\/propfitoken.com\/home\/wp-content\/uploads\/2024\/12\/pexels-photo-221540.jpeg 360w\" sizes=\"auto, (max-width: 480px) 150px\" src=\"https:\/\/propfitoken.com\/home\/wp-content\/uploads\/2024\/12\/pexels-photo-221540-1024x768.jpeg\" alt=\"Cozy family home for sale in suburb with spacious garage and landscaped lawn.\" class=\"uag-image-14\" width=\"500\" height=\"450\" title=\"pexels-photo-221540\" loading=\"lazy\" role=\"img\"\/><\/figure><\/div>\n\n\n\n<div class=\"wp-block-uagb-info-box uagb-block-de5ccef8 uagb-infobox__content-wrap  uagb-infobox-icon-above-title uagb-infobox-image-valign-top wp-block-uagb-info-box--has-margin\"><div class=\"uagb-infobox-margin-wrapper\"><div class=\"uagb-ifb-content\"><div class=\"uagb-ifb-title-wrap\"><h3 class=\"uagb-ifb-title-prefix\">Hemos facilitado la compra y alquiler de propiedades, maximizando la eficiencia y transparencia para nuestros clientes.<\/h3><p class=\"uagb-ifb-title\">Desde su fundaci\u00f3n, PropFiToken ha revolucionado el mercado inmobiliario, ofreciendo soluciones que combinan tecnolog\u00eda avanzada y un enfoque centrado en el cliente. Gracias a nuestras herramientas innovadoras como visitas virtuales y monitoreo en tiempo real, miles de usuarios han experimentado transacciones m\u00e1s r\u00e1pidas y seguras. La tokenizaci\u00f3n de propiedades permite a los inversores diversificar sus carteras y aumentar su acceso al mercado, creando un entorno m\u00e1s accesible y equitativo para todos.<\/p><\/div><p class=\"uagb-ifb-desc\">Hemos logrado simplificar los procesos inmobiliarios, generando confianza y satisfacci\u00f3n en nuestros clientes.<\/p><\/div><\/div><\/div>\n<\/div>\n<\/div><\/div>\n\n\n\n<div class=\"wp-block-uagb-container uagb-layout-grid uagb-block-80731fa3 alignfull uagb-is-root-container\"><div class=\"uagb-container__shape uagb-container__shape-top uagb-container__shape-flip\"><svg xmlns=\"https:\/\/www.w3.org\/2000\/svg\" viewBox=\"0 0 1000 100\" preserveAspectRatio=\"none\"><path class=\"uagb-container__shape-fill\" d=\"M0,6V0h1000v100L0,6z\"><\/path><\/svg><\/div><div class=\"uagb-container__shape uagb-container__shape-bottom uagb-container__shape-flip uagb-container__invert\" data-negative=\"false\"><svg xmlns=\"https:\/\/www.w3.org\/2000\/svg\" viewBox=\"0 0 1000 100\" preserveAspectRatio=\"none\"><path class=\"uagb-container__shape-fill\" d=\"M0,6V0h1000v100L0,6z\"><\/path><\/svg><\/div><div class=\"uagb-container-inner-blocks-wrap\">\n<div class=\"wp-block-uagb-info-box uagb-block-4184a682 uagb-infobox__content-wrap  uagb-infobox-icon-above-title uagb-infobox-image-valign-top wp-block-uagb-info-box--has-margin\"><div class=\"uagb-infobox-margin-wrapper\"><div class=\"uagb-ifb-content\"><div class=\"uagb-ifb-title-wrap\"><span class=\"uagb-ifb-title-prefix\">Nuestra Historia<\/span><h2 class=\"uagb-ifb-title\">La evoluci\u00f3n de PropFiToken en el mercado inmobiliario<\/h2><\/div><p class=\"uagb-ifb-desc\">PropFiToken fue fundada con el objetivo de transformar el sector inmobiliario utilizando tecnolog\u00eda de vanguardia. Desde sus inicios, nos hemos centrado en la tokenizaci\u00f3n de propiedades, permitiendo transacciones m\u00e1s seguras y eficientes. Con innovaciones como visitas virtuales en realidad extendida y monitoreo en tiempo real mediante IoT, hemos adaptado nuestra plataforma a las necesidades del mercado, ofreciendo a inversores y compradores una experiencia inigualable.<\/p><\/div><\/div><\/div>\n\n\n\n<div class=\"wp-block-uagb-image alignright uagb-block-eb3eeb07 wp-block-uagb-image--layout-default wp-block-uagb-image--effect-static wp-block-uagb-image--align-right\"><figure class=\"wp-block-uagb-image__figure\"><img decoding=\"async\" srcset=\"https:\/\/propfitoken.com\/home\/wp-content\/uploads\/2024\/12\/pexels-photo-7005454-1024x683.jpeg ,https:\/\/propfitoken.com\/home\/wp-content\/uploads\/2024\/12\/pexels-photo-7005454.jpeg 780w, https:\/\/propfitoken.com\/home\/wp-content\/uploads\/2024\/12\/pexels-photo-7005454.jpeg 360w\" sizes=\"auto, (max-width: 480px) 150px\" src=\"https:\/\/propfitoken.com\/home\/wp-content\/uploads\/2024\/12\/pexels-photo-7005454-1024x683.jpeg\" alt=\"Stairway in corridor of spacious house near light kitchen with minimalist furniture and modern appliances\" class=\"uag-image-17\" width=\"500\" height=\"450\" title=\"pexels-photo-7005454\" loading=\"lazy\" role=\"img\"\/><\/figure><\/div>\n<\/div><\/div>\n\n\n\n<div class=\"wp-block-uagb-container uagb-block-f7d88070 alignfull uagb-is-root-container\"><div class=\"uagb-container-inner-blocks-wrap\">\n<div class=\"wp-block-uagb-advanced-heading uagb-block-87470b0a\"><p class=\"uagb-desc-text\">Misi\u00f3n y Valores<\/p><h2 class=\"uagb-heading-text\">Nuestras metas y principios fundamentales<\/h2><\/div>\n\n\n\n<div class=\"wp-block-uagb-container uagb-block-6215ea89\">\n<div class=\"wp-block-uagb-advanced-heading uagb-block-809e447c\"><h3 class=\"uagb-heading-text\">Nuestra Misi\u00f3n<\/h3><p class=\"uagb-desc-text\">En PropFiToken, nuestra misi\u00f3n es revolucionar el mercado inmobiliario a trav\u00e9s de la tokenizaci\u00f3n y la implementaci\u00f3n de tecnolog\u00edas innovadoras. Buscamos facilitar transacciones m\u00e1s transparentes y seguras, empoderando a nuestros usuarios con herramientas avanzadas que optimicen la experiencia de compra, venta y alquiler de propiedades en un entorno digital sostenible.<\/p><\/div>\n\n\n\n<div class=\"wp-block-uagb-separator uagb-block-7f2a0cab\"><div class=\"wp-block-uagb-separator__inner\" style=\"--my-background-image:\"><\/div><\/div>\n\n\n\n<div class=\"wp-block-uagb-advanced-heading uagb-block-0cc4a98e\"><h3 class=\"uagb-heading-text\">Nuestros Valores<\/h3><p class=\"uagb-desc-text\">En PropFiToken, valoramos la transparencia, la innovaci\u00f3n y la sostenibilidad. Nuestra \u00e9tica se basa en ofrecer un servicio excepcional, impulsando el uso de tecnolog\u00edas emergentes para garantizar una experiencia confiable. Creemos en la colaboraci\u00f3n entre stakeholders y en la integraci\u00f3n de soluciones que fomenten el crecimiento tanto del negocio como el bienestar de nuestros usuarios.<\/p><\/div>\n<\/div>\n<\/div><\/div>\n\n\n\n<div class=\"wp-block-uagb-container uagb-block-df8ee77f alignfull uagb-is-root-container\"><div class=\"uagb-container__shape uagb-container__shape-top uagb-container__shape-flip\"><svg xmlns=\"https:\/\/www.w3.org\/2000\/svg\" viewBox=\"0 0 1000 100\" preserveAspectRatio=\"none\"><path class=\"uagb-container__shape-fill\" d=\"M0,6V0h1000v100L0,6z\"><\/path><\/svg><\/div><div class=\"uagb-container-inner-blocks-wrap\">\n<div class=\"wp-block-uagb-advanced-heading uagb-block-da70d213\"><p class=\"uagb-desc-text\">Nuestro Equipo<\/p><h2 class=\"uagb-heading-text\">Conoce a nuestros expertos en tecnolog\u00eda e inmobiliaria<\/h2><\/div>\n\n\n\n<div class=\"wp-block-uagb-container uagb-block-d0e3ffef\">\n<div class=\"wp-block-uagb-container uagb-block-66fe1c83\">\n<div class=\"wp-block-uagb-info-box uagb-block-9fa154fb uagb-infobox__content-wrap  uagb-infobox-icon-above-title uagb-infobox-image-valign-top\"><div class=\"uagb-ifb-content\"><div class=\"uagb-ifb-image-content\"><img decoding=\"async\" src=\"https:\/\/multipurpose23.ziptemplates.top\/wp-content\/uploads\/2024\/05\/team-skip-01-150x150.jpg\" alt=\"\" width=\"150\" height=\"150\" loading=\"lazy\"\/><\/div><div class=\"uagb-ifb-title-wrap\"><p class=\"uagb-ifb-title\">Wade Warren<\/p><\/div><p class=\"uagb-ifb-desc\">Propietario<\/p><\/div><\/div>\n<\/div>\n\n\n\n<div class=\"wp-block-uagb-container uagb-block-a31af704\">\n<div class=\"wp-block-uagb-info-box uagb-block-2b47405f uagb-infobox__content-wrap  uagb-infobox-icon-above-title uagb-infobox-image-valign-top\"><div class=\"uagb-ifb-content\"><div class=\"uagb-ifb-image-content\"><img decoding=\"async\" src=\"https:\/\/multipurpose23.ziptemplates.top\/wp-content\/uploads\/2024\/05\/team-skip-02-150x150.jpg\" alt=\"\" width=\"150\" height=\"150\" loading=\"lazy\"\/><\/div><div class=\"uagb-ifb-title-wrap\"><p class=\"uagb-ifb-title\">Cameron Williamson<\/p><\/div><p class=\"uagb-ifb-desc\">Co-Fundador<\/p><\/div><\/div>\n<\/div>\n\n\n\n<div class=\"wp-block-uagb-container uagb-block-5755988a\">\n<div class=\"wp-block-uagb-info-box uagb-block-8a861bdd uagb-infobox__content-wrap  uagb-infobox-icon-above-title uagb-infobox-image-valign-top\"><div class=\"uagb-ifb-content\"><div class=\"uagb-ifb-image-content\"><img decoding=\"async\" src=\"https:\/\/multipurpose23.ziptemplates.top\/wp-content\/uploads\/2024\/05\/team-skip-03-1-150x150.jpg\" alt=\"\" width=\"150\" height=\"150\" loading=\"lazy\"\/><\/div><div class=\"uagb-ifb-title-wrap\"><p class=\"uagb-ifb-title\">Brooklyn Simmons<\/p><\/div><p class=\"uagb-ifb-desc\">Gerente de Marketing<\/p><\/div><\/div>\n<\/div>\n<\/div>\n<\/div><\/div>\n\n\n\n<div class=\"wp-block-uagb-container uagb-block-6f82293b alignfull uagb-is-root-container\"><div class=\"uagb-container__shape uagb-container__shape-top uagb-container__shape-flip\"><svg xmlns=\"https:\/\/www.w3.org\/2000\/svg\" viewBox=\"0 0 1000 100\" preserveAspectRatio=\"none\"><path class=\"uagb-container__shape-fill\" d=\"M0,6V0h1000v100L0,6z\"><\/path><\/svg><\/div><div class=\"uagb-container-inner-blocks-wrap\">\n<div class=\"wp-block-uagb-info-box uagb-block-2de13869 uagb-infobox__content-wrap  uagb-infobox-icon-above-title uagb-infobox-image-valign-top wp-block-uagb-info-box--has-margin\"><div class=\"uagb-infobox-margin-wrapper\"><div class=\"uagb-ifb-content\"><div class=\"uagb-ifb-title-wrap\"><span class=\"uagb-ifb-title-prefix\">\u00danete a nosotros<\/span><h2 class=\"uagb-ifb-title\">Empieza a invertir en el futuro inmobiliario hoy<\/h2><\/div><p class=\"uagb-ifb-desc\">Descubre c\u00f3mo la tokenizaci\u00f3n puede revolucionar tu experiencia en bienes ra\u00edces con PropFiToken.<\/p><div class=\"uagb-ifb-button-wrapper wp-block-button\"><a href=\"\/contact\/\" class=\"uagb-infobox-cta-link wp-block-button__link\" target=\"_self\" rel=\"noopener noreferrer\" onclick=\"return true;\"><span class=\"uagb-inline-editing\">Explora Ahora<\/span><\/a><\/div><\/div><\/div><\/div>\n<\/div><\/div>\n","protected":false},"excerpt":{"rendered":"<p>Sobre Transformando el Mercado Inmobiliario con Innovaci\u00f3n Digital Nuestra Historia Conectando Tecnolog\u00eda y Bienes Ra\u00edces para el Futuro Misi\u00f3n y [&hellip;]<\/p>\n","protected":false},"author":2,"featured_media":0,"parent":0,"menu_order":0,"comment_status":"closed","ping_status":"closed","template":"","meta":{"_uag_custom_page_level_css":"","site-sidebar-layout":"default","site-content-layout":"","ast-site-content-layout":"","site-content-style":"default","site-sidebar-style":"default","ast-global-header-display":"","ast-banner-title-visibility":"","ast-main-header-display":"","ast-hfb-above-header-display":"","ast-hfb-below-header-display":"","ast-hfb-mobile-header-display":"","site-post-title":"disabled","ast-breadcrumbs-content":"","ast-featured-img":"","footer-sml-layout":"","theme-transparent-header-meta":"","adv-header-id-meta":"","stick-header-meta":"","header-above-stick-meta":"","header-main-stick-meta":"","header-below-stick-meta":"","astra-migrate-meta-layouts":"default","ast-page-background-enabled":"default","ast-page-background-meta":{"desktop":{"background-color":"var(--ast-global-color-4)","background-image":"","background-repeat":"repeat","background-position":"center center","background-size":"auto","background-attachment":"scroll","background-type":"","background-media":"","overlay-type":"","overlay-color":"","overlay-opacity":"","overlay-gradient":""},"tablet":{"background-color":"","background-image":"","background-repeat":"repeat","background-position":"center center","background-size":"auto","background-attachment":"scroll","background-type":"","background-media":"","overlay-type":"","overlay-color":"","overlay-opacity":"","overlay-gradient":""},"mobile":{"background-color":"","background-image":"","background-repeat":"repeat","background-position":"center center","background-size":"auto","background-attachment":"scroll","background-type":"","background-media":"","overlay-type":"","overlay-color":"","overlay-opacity":"","overlay-gradient":""}},"ast-content-background-meta":{"desktop":{"background-color":"var(--ast-global-color-5)","background-image":"","background-repeat":"repeat","background-position":"center center","background-size":"auto","background-attachment":"scroll","background-type":"","background-media":"","overlay-type":"","overlay-color":"","overlay-opacity":"","overlay-gradient":""},"tablet":{"background-color":"var(--ast-global-color-5)","background-image":"","background-repeat":"repeat","background-position":"center center","background-size":"auto","background-attachment":"scroll","background-type":"","background-media":"","overlay-type":"","overlay-color":"","overlay-opacity":"","overlay-gradient":""},"mobile":{"background-color":"var(--ast-global-color-5)","background-image":"","background-repeat":"repeat","background-position":"center center","background-size":"auto","background-attachment":"scroll","background-type":"","background-media":"","overlay-type":"","overlay-color":"","overlay-opacity":"","overlay-gradient":""}},"footnotes":""},"class_list":["post-52","page","type-page","status-publish","hentry"],"uagb_featured_image_src":{"full":false,"thumbnail":false,"medium":false,"medium_large":false,"large":false,"1536x1536":false,"2048x2048":false},"uagb_author_info":{"display_name":"c2730591","author_link":"https:\/\/propfitoken.com\/home\/author\/c2730591\/"},"uagb_comment_info":0,"uagb_excerpt":"Sobre Transformando el Mercado Inmobiliario con Innovaci\u00f3n Digital Nuestra Historia Conectando Tecnolog\u00eda y Bienes Ra\u00edces para el Futuro Misi\u00f3n y [&hellip;]","_links":{"self":[{"href":"https:\/\/propfitoken.com\/home\/wp-json\/wp\/v2\/pages\/52","targetHints":{"allow":["GET"]}}],"collection":[{"href":"https:\/\/propfitoken.com\/home\/wp-json\/wp\/v2\/pages"}],"about":[{"href":"https:\/\/propfitoken.com\/home\/wp-json\/wp\/v2\/types\/page"}],"author":[{"embeddable":true,"href":"https:\/\/propfitoken.com\/home\/wp-json\/wp\/v2\/users\/2"}],"replies":[{"embeddable":true,"href":"https:\/\/propfitoken.com\/home\/wp-json\/wp\/v2\/comments?post=52"}],"version-history":[{"count":2,"href":"https:\/\/propfitoken.com\/home\/wp-json\/wp\/v2\/pages\/52\/revisions"}],"predecessor-version":[{"id":416,"href":"https:\/\/propfitoken.com\/home\/wp-json\/wp\/v2\/pages\/52\/revisions\/416"}],"wp:attachment":[{"href":"https:\/\/propfitoken.com\/home\/wp-json\/wp\/v2\/media?parent=52"}],"curies":[{"name":"wp","href":"https:\/\/api.w.org\/{rel}","templated":true}]}}